{"id":868,"date":"2025-04-03T15:56:56","date_gmt":"2025-04-03T20:56:56","guid":{"rendered":"https:\/\/augustines.org\/origenes\/"},"modified":"2025-06-05T09:32:53","modified_gmt":"2025-06-05T14:32:53","slug":"origenes","status":"publish","type":"page","link":"https:\/\/augustines.org\/es\/origenes\/","title":{"rendered":"OR\u00cdGENES"},"content":{"rendered":"","protected":false},"excerpt":{"rendered":"","protected":false},"author":1,"featured_media":0,"parent":0,"menu_order":0,"comment_status":"closed","ping_status":"closed","template":"","meta":{"footnotes":""},"class_list":["post-868","page","type-page","status-publish","hentry"],"yoast_head":"<!-- This site is optimized with the Yoast SEO plugin v27.3 - https:\/\/yoast.com\/product\/yoast-seo-wordpress\/ -->\n<title>OR\u00cdGENES - La F\u00e9d\u00e9ration - Augustines de la mis\u00e9ricorde de J\u00e9sus<\/title>\n<meta name=\"robots\" content=\"index, follow, max-snippet:-1, max-image-preview:large, max-video-preview:-1\" \/>\n<link rel=\"canonical\" href=\"https:\/\/augustines.org\/es\/origenes\/\" \/>\n<meta property=\"og:locale\" content=\"es_ES\" \/>\n<meta property=\"og:type\" content=\"article\" \/>\n<meta property=\"og:title\" content=\"OR\u00cdGENES - La F\u00e9d\u00e9ration - Augustines de la mis\u00e9ricorde de J\u00e9sus\" \/>\n<meta property=\"og:url\" content=\"https:\/\/augustines.org\/es\/origenes\/\" \/>\n<meta property=\"og:site_name\" content=\"La F\u00e9d\u00e9ration - Augustines de la mis\u00e9ricorde de J\u00e9sus\" \/>\n<meta property=\"article:modified_time\" content=\"2025-06-05T14:32:53+00:00\" \/>\n<meta property=\"og:image\" content=\"https:\/\/augustines.org\/wp-content\/uploads\/2025\/06\/augustines-web.png\" \/>\n\t<meta property=\"og:image:width\" content=\"1200\" \/>\n\t<meta property=\"og:image:height\" content=\"675\" \/>\n\t<meta property=\"og:image:type\" content=\"image\/png\" \/>\n<meta name=\"twitter:card\" content=\"summary_large_image\" \/>\n<script type=\"application\/ld+json\" class=\"yoast-schema-graph\">{\"@context\":\"https:\\\/\\\/schema.org\",\"@graph\":[{\"@type\":\"WebPage\",\"@id\":\"https:\\\/\\\/augustines.org\\\/es\\\/origenes\\\/\",\"url\":\"https:\\\/\\\/augustines.org\\\/es\\\/origenes\\\/\",\"name\":\"OR\u00cdGENES - La F\u00e9d\u00e9ration - Augustines de la mis\u00e9ricorde de J\u00e9sus\",\"isPartOf\":{\"@id\":\"https:\\\/\\\/augustines.org\\\/#website\"},\"datePublished\":\"2025-04-03T20:56:56+00:00\",\"dateModified\":\"2025-06-05T14:32:53+00:00\",\"breadcrumb\":{\"@id\":\"https:\\\/\\\/augustines.org\\\/es\\\/origenes\\\/#breadcrumb\"},\"inLanguage\":\"es\",\"potentialAction\":[{\"@type\":\"ReadAction\",\"target\":[\"https:\\\/\\\/augustines.org\\\/es\\\/origenes\\\/\"]}]},{\"@type\":\"BreadcrumbList\",\"@id\":\"https:\\\/\\\/augustines.org\\\/es\\\/origenes\\\/#breadcrumb\",\"itemListElement\":[{\"@type\":\"ListItem\",\"position\":1,\"name\":\"Accueil\",\"item\":\"https:\\\/\\\/augustines.org\\\/es\\\/\"},{\"@type\":\"ListItem\",\"position\":2,\"name\":\"OR\u00cdGENES\"}]},{\"@type\":\"WebSite\",\"@id\":\"https:\\\/\\\/augustines.org\\\/#website\",\"url\":\"https:\\\/\\\/augustines.org\\\/\",\"name\":\"La F\u00e9d\u00e9ration - Augustines de la mis\u00e9ricorde de J\u00e9sus\",\"description\":\"Rassemblement de monast\u00e8res\",\"publisher\":{\"@id\":\"https:\\\/\\\/augustines.org\\\/#organization\"},\"potentialAction\":[{\"@type\":\"SearchAction\",\"target\":{\"@type\":\"EntryPoint\",\"urlTemplate\":\"https:\\\/\\\/augustines.org\\\/?s={search_term_string}\"},\"query-input\":{\"@type\":\"PropertyValueSpecification\",\"valueRequired\":true,\"valueName\":\"search_term_string\"}}],\"inLanguage\":\"es\"},{\"@type\":\"Organization\",\"@id\":\"https:\\\/\\\/augustines.org\\\/#organization\",\"name\":\"La F\u00e9d\u00e9ration - Augustines de la mis\u00e9ricorde de J\u00e9sus\",\"url\":\"https:\\\/\\\/augustines.org\\\/\",\"logo\":{\"@type\":\"ImageObject\",\"inLanguage\":\"es\",\"@id\":\"https:\\\/\\\/augustines.org\\\/#\\\/schema\\\/logo\\\/image\\\/\",\"url\":\"https:\\\/\\\/augustines.org\\\/wp-content\\\/uploads\\\/2025\\\/04\\\/federation-des-augustines-logoweb.jpg\",\"contentUrl\":\"https:\\\/\\\/augustines.org\\\/wp-content\\\/uploads\\\/2025\\\/04\\\/federation-des-augustines-logoweb.jpg\",\"width\":796,\"height\":333,\"caption\":\"La F\u00e9d\u00e9ration - Augustines de la mis\u00e9ricorde de J\u00e9sus\"},\"image\":{\"@id\":\"https:\\\/\\\/augustines.org\\\/#\\\/schema\\\/logo\\\/image\\\/\"}}]}<\/script>\n<!-- \/ Yoast SEO plugin. -->","yoast_head_json":{"title":"OR\u00cdGENES - La F\u00e9d\u00e9ration - Augustines de la mis\u00e9ricorde de J\u00e9sus","robots":{"index":"index","follow":"follow","max-snippet":"max-snippet:-1","max-image-preview":"max-image-preview:large","max-video-preview":"max-video-preview:-1"},"canonical":"https:\/\/augustines.org\/es\/origenes\/","og_locale":"es_ES","og_type":"article","og_title":"OR\u00cdGENES - La F\u00e9d\u00e9ration - Augustines de la mis\u00e9ricorde de J\u00e9sus","og_url":"https:\/\/augustines.org\/es\/origenes\/","og_site_name":"La F\u00e9d\u00e9ration - Augustines de la mis\u00e9ricorde de J\u00e9sus","article_modified_time":"2025-06-05T14:32:53+00:00","og_image":[{"width":1200,"height":675,"url":"https:\/\/augustines.org\/wp-content\/uploads\/2025\/06\/augustines-web.png","type":"image\/png"}],"twitter_card":"summary_large_image","schema":{"@context":"https:\/\/schema.org","@graph":[{"@type":"WebPage","@id":"https:\/\/augustines.org\/es\/origenes\/","url":"https:\/\/augustines.org\/es\/origenes\/","name":"OR\u00cdGENES - La F\u00e9d\u00e9ration - Augustines de la mis\u00e9ricorde de J\u00e9sus","isPartOf":{"@id":"https:\/\/augustines.org\/#website"},"datePublished":"2025-04-03T20:56:56+00:00","dateModified":"2025-06-05T14:32:53+00:00","breadcrumb":{"@id":"https:\/\/augustines.org\/es\/origenes\/#breadcrumb"},"inLanguage":"es","potentialAction":[{"@type":"ReadAction","target":["https:\/\/augustines.org\/es\/origenes\/"]}]},{"@type":"BreadcrumbList","@id":"https:\/\/augustines.org\/es\/origenes\/#breadcrumb","itemListElement":[{"@type":"ListItem","position":1,"name":"Accueil","item":"https:\/\/augustines.org\/es\/"},{"@type":"ListItem","position":2,"name":"OR\u00cdGENES"}]},{"@type":"WebSite","@id":"https:\/\/augustines.org\/#website","url":"https:\/\/augustines.org\/","name":"La F\u00e9d\u00e9ration - Augustines de la mis\u00e9ricorde de J\u00e9sus","description":"Rassemblement de monast\u00e8res","publisher":{"@id":"https:\/\/augustines.org\/#organization"},"potentialAction":[{"@type":"SearchAction","target":{"@type":"EntryPoint","urlTemplate":"https:\/\/augustines.org\/?s={search_term_string}"},"query-input":{"@type":"PropertyValueSpecification","valueRequired":true,"valueName":"search_term_string"}}],"inLanguage":"es"},{"@type":"Organization","@id":"https:\/\/augustines.org\/#organization","name":"La F\u00e9d\u00e9ration - Augustines de la mis\u00e9ricorde de J\u00e9sus","url":"https:\/\/augustines.org\/","logo":{"@type":"ImageObject","inLanguage":"es","@id":"https:\/\/augustines.org\/#\/schema\/logo\/image\/","url":"https:\/\/augustines.org\/wp-content\/uploads\/2025\/04\/federation-des-augustines-logoweb.jpg","contentUrl":"https:\/\/augustines.org\/wp-content\/uploads\/2025\/04\/federation-des-augustines-logoweb.jpg","width":796,"height":333,"caption":"La F\u00e9d\u00e9ration - Augustines de la mis\u00e9ricorde de J\u00e9sus"},"image":{"@id":"https:\/\/augustines.org\/#\/schema\/logo\/image\/"}}]}},"_links":{"self":[{"href":"https:\/\/augustines.org\/es\/wp-json\/wp\/v2\/pages\/868","targetHints":{"allow":["GET"]}}],"collection":[{"href":"https:\/\/augustines.org\/es\/wp-json\/wp\/v2\/pages"}],"about":[{"href":"https:\/\/augustines.org\/es\/wp-json\/wp\/v2\/types\/page"}],"author":[{"embeddable":true,"href":"https:\/\/augustines.org\/es\/wp-json\/wp\/v2\/users\/1"}],"replies":[{"embeddable":true,"href":"https:\/\/augustines.org\/es\/wp-json\/wp\/v2\/comments?post=868"}],"version-history":[{"count":1,"href":"https:\/\/augustines.org\/es\/wp-json\/wp\/v2\/pages\/868\/revisions"}],"predecessor-version":[{"id":944,"href":"https:\/\/augustines.org\/es\/wp-json\/wp\/v2\/pages\/868\/revisions\/944"}],"wp:attachment":[{"href":"https:\/\/augustines.org\/es\/wp-json\/wp\/v2\/media?parent=868"}],"curies":[{"name":"wp","href":"https:\/\/api.w.org\/{rel}","templated":true}]}}