{"id":872,"date":"2025-04-08T15:34:34","date_gmt":"2025-04-08T20:34:34","guid":{"rendered":"https:\/\/augustines.org\/los-monasterios\/"},"modified":"2025-05-30T09:11:06","modified_gmt":"2025-05-30T14:11:06","slug":"los-monasterios","status":"publish","type":"page","link":"https:\/\/augustines.org\/es\/los-monasterios\/","title":{"rendered":"Los monasterios"},"content":{"rendered":"\n<h1>\n\t\t\tLos monasterios-<br \/>hospitales\t<\/h1>\n<h2>\n\t\t\tLos monasterios-hospitales\t<\/h2>\n\t<p>Los doce hospitales fundados, construidos y administrados por las Agustinas constituyen un legado relevante para la red p\u00fablica de salud de Quebec. Estos establecimientos, algunos de los cuales tambi\u00e9n imparten formaci\u00f3n universitaria, se encuentran repartidos por todo el territorio, en las regiones de Quebec y de Saguenay-Lac-Saint-Jean, en la orilla sur del r\u00edo San-Lorenzo, desde Beauce hasta Gasp\u00e9.<\/p>\n<p>Tras la fundaci\u00f3n del H\u00f4tel-Dieu de Qu\u00e9bec en 1639, se sum\u00f3 el Hospital general de Qu\u00e9bec, en 1693. A estas dos fundaciones de la \u00e9poca de la Nueva-Francia les siguieron otras tres en el sigloXIX: el H\u00f4tel-Dieu du Sagrado-coraz\u00f3n de Jes\u00fas de Qu\u00e9bec, en 1873; el H\u00f4tel-Dieu de Chicoutimi, en 1884; y el de L\u00e9vis, en 1892. En el sigloXX, se sucedieron seis fundaciones: Roberval, en 1918; Gasp\u00e9, en 1926; Saint-Georges, en 1949; Montmagny, en 1951; Alma, en 1954; y Jonqui\u00e8re et Dolbeau, en 1955. Todos estos establecimientos sanitarios funcionan a\u00fan hoy en d\u00eda. Los monasterios adyacentes que las religiosas agustinas ya no ocupaban pasaron a ser una ampliaci\u00f3n del hospital.<\/p>\n<p>Cada nuevo centro surg\u00eda tras desafectar un viejo monasterio. Las primeras hospitalarias dirig\u00edan la construcci\u00f3n del hospital y del monasterio, contrataban al personal y reclutaban a las novicias.<\/p>\n\t<p>Poco despu\u00e9s, el monasterio-hospital adquir\u00eda autonom\u00eda y su funcionamiento depend\u00eda de la ayuda de la comunidad local.<\/p>\n\t\t\t\t<a\n\t\t\thref=\"https:\/\/augustines.org\/wp-content\/uploads\/2025\/04\/hopital-dieux-quebec-1024x531.jpg\"\n\t\t\t\t\t\tdata-fancybox=\"images\" \n\t\t\ttitle=\"hopital-dieux-quebec\" \n\t\t\t\t\t\tdata-caption=\"H\u00f4tel-Dieu&lt;br&gt;de Qu\u00e9bec &lt;br&gt;Fundado en 1639\"\n\t\t\t\t\t\tdata-description=\"\" \n\t\t\titemprop=\"contentUrl\">\n\t\t\t<img loading=\"lazy\" decoding=\"async\" src=\"https:\/\/augustines.org\/wp-content\/uploads\/2025\/04\/hopital-dieux-quebec.jpg\" alt=\"H\u00f4pital H\u00f4tel-Dieu de Qu\u00e9bec\" data-no-lazy=\"1\" itemprop=\"thumbnail\" width=\"1600\" height=\"830\" \/>\n\t\t\t<!-- Overlay Wrapper -->\n\t\t\t <!-- Overlay Wrapper Closed -->\n\t\t\t\t<\/a>\n\t\t\t\t\t\t\t<meta itemprop=\"width\" content=\"1600\" \/>\n\t\t\t<meta itemprop=\"height\" content=\"830\" \/>\n\t\tH\u00f4tel-Dieu<br \/>de Qu\u00e9bec <br \/>Fundado en 1639\n\t\t\t\t<a\n\t\t\thref=\"https:\/\/augustines.org\/wp-content\/uploads\/2025\/04\/hopital-general-quebec-1024x531.jpg\"\n\t\t\t\t\t\tdata-fancybox=\"images\" \n\t\t\ttitle=\"hopital-general-quebec\" \n\t\t\t\t\t\tdata-caption=\"H\u00f4pital g\u00e9n\u00e9ral&lt;br&gt;de Qu\u00e9bec&lt;br&gt;Fundado en 1692\"\n\t\t\t\t\t\tdata-description=\"\" \n\t\t\titemprop=\"contentUrl\">\n\t\t\t<img loading=\"lazy\" decoding=\"async\" src=\"https:\/\/augustines.org\/wp-content\/uploads\/2025\/04\/hopital-general-quebec.jpg\" alt=\"H\u00f4pital g\u00e9n\u00e9ral de Qu\u00e9bec\" data-no-lazy=\"1\" itemprop=\"thumbnail\" width=\"1600\" height=\"830\" \/>\n\t\t\t<!-- Overlay Wrapper -->\n\t\t\t <!-- Overlay Wrapper Closed -->\n\t\t\t\t<\/a>\n\t\t\t\t\t\t\t<meta itemprop=\"width\" content=\"1600\" \/>\n\t\t\t<meta itemprop=\"height\" content=\"830\" \/>\n\t\tH\u00f4pital g\u00e9n\u00e9ral<br \/>de Qu\u00e9bec<br \/>Fundado en 1692\n\t\t\t\t<a\n\t\t\thref=\"https:\/\/augustines.org\/wp-content\/uploads\/2025\/04\/hopital-sacre-coeur-1024x531.jpg\"\n\t\t\t\t\t\tdata-fancybox=\"images\" \n\t\t\ttitle=\"hopital-sacre-coeur\" \n\t\t\t\t\t\tdata-caption=\"H\u00f4tel-Dieu du Sacr\u00e9-C\u0153ur&lt;br&gt;de J\u00e9sus de Qu\u00e9bec&lt;br&gt;Fundado en 1873\"\n\t\t\t\t\t\tdata-description=\"\" \n\t\t\titemprop=\"contentUrl\">\n\t\t\t<img loading=\"lazy\" decoding=\"async\" src=\"https:\/\/augustines.org\/wp-content\/uploads\/2025\/04\/hopital-sacre-coeur.jpg\" alt=\"H\u00f4pital du Sacr\u00e9-C\u0153ur-de-Montr\u00e9al\" data-no-lazy=\"1\" itemprop=\"thumbnail\" width=\"1600\" height=\"830\" \/>\n\t\t\t<!-- Overlay Wrapper -->\n\t\t\t <!-- Overlay Wrapper Closed -->\n\t\t\t\t<\/a>\n\t\t\t\t\t\t\t<meta itemprop=\"width\" content=\"1600\" \/>\n\t\t\t<meta itemprop=\"height\" content=\"830\" \/>\n\t\tH\u00f4tel-Dieu du Sacr\u00e9-C\u0153ur<br \/>de J\u00e9sus de Qu\u00e9bec<br \/>Fundado en 1873\n\t\t\t\t<a\n\t\t\thref=\"https:\/\/augustines.org\/wp-content\/uploads\/2025\/04\/hopital-chicoutimi-1024x531.jpg\"\n\t\t\t\t\t\tdata-fancybox=\"images\" \n\t\t\ttitle=\"hopital-chicoutimi\" \n\t\t\t\t\t\tdata-caption=\"H\u00f4tel-Dieu&lt;br&gt;de Chicoutimi &lt;br&gt;Fundado en 1884\"\n\t\t\t\t\t\tdata-description=\"\" \n\t\t\titemprop=\"contentUrl\">\n\t\t\t<img loading=\"lazy\" decoding=\"async\" src=\"https:\/\/augustines.org\/wp-content\/uploads\/2025\/04\/hopital-chicoutimi.jpg\" alt=\"H\u00f4pital de Chicoutimi\" data-no-lazy=\"1\" itemprop=\"thumbnail\" width=\"1600\" height=\"830\" \/>\n\t\t\t<!-- Overlay Wrapper -->\n\t\t\t <!-- Overlay Wrapper Closed -->\n\t\t\t\t<\/a>\n\t\t\t\t\t\t\t<meta itemprop=\"width\" content=\"1600\" \/>\n\t\t\t<meta itemprop=\"height\" content=\"830\" \/>\n\t\tH\u00f4tel-Dieu<br \/>de Chicoutimi <br \/>Fundado en 1884\n\t\t\t\t<a\n\t\t\thref=\"https:\/\/augustines.org\/wp-content\/uploads\/2025\/04\/hopital-levis-1024x531.jpg\"\n\t\t\t\t\t\tdata-fancybox=\"images\" \n\t\t\ttitle=\"hopital-levis\" \n\t\t\t\t\t\tdata-caption=\"H\u00f4tel-Dieu&lt;br&gt;de L\u00e9vis &lt;br&gt;Fundado en 1892\"\n\t\t\t\t\t\tdata-description=\"\" \n\t\t\titemprop=\"contentUrl\">\n\t\t\t<img loading=\"lazy\" decoding=\"async\" src=\"https:\/\/augustines.org\/wp-content\/uploads\/2025\/04\/hopital-levis.jpg\" alt=\"H\u00f4pital H\u00f4tel-Dieu de L\u00e9vis\" data-no-lazy=\"1\" itemprop=\"thumbnail\" width=\"1600\" height=\"830\" \/>\n\t\t\t<!-- Overlay Wrapper -->\n\t\t\t <!-- Overlay Wrapper Closed -->\n\t\t\t\t<\/a>\n\t\t\t\t\t\t\t<meta itemprop=\"width\" content=\"1600\" \/>\n\t\t\t<meta itemprop=\"height\" content=\"830\" \/>\n\t\tH\u00f4tel-Dieu<br \/>de L\u00e9vis <br \/>Fundado en 1892\n\t\t\t\t<a\n\t\t\thref=\"https:\/\/augustines.org\/wp-content\/uploads\/2025\/04\/hopital-roberval-1024x531.jpg\"\n\t\t\t\t\t\tdata-fancybox=\"images\" \n\t\t\ttitle=\"hopital-roberval\" \n\t\t\t\t\t\tdata-caption=\"H\u00f4tel-Dieu&lt;br&gt;de Roberval &lt;br&gt;Fundado en 1918\"\n\t\t\t\t\t\tdata-description=\"\" \n\t\t\titemprop=\"contentUrl\">\n\t\t\t<img loading=\"lazy\" decoding=\"async\" src=\"https:\/\/augustines.org\/wp-content\/uploads\/2025\/04\/hopital-roberval.jpg\" alt=\"H\u00f4pital de Roberval\" data-no-lazy=\"1\" itemprop=\"thumbnail\" width=\"1600\" height=\"830\" \/>\n\t\t\t<!-- Overlay Wrapper -->\n\t\t\t <!-- Overlay Wrapper Closed -->\n\t\t\t\t<\/a>\n\t\t\t\t\t\t\t<meta itemprop=\"width\" content=\"1600\" \/>\n\t\t\t<meta itemprop=\"height\" content=\"830\" \/>\n\t\tH\u00f4tel-Dieu<br \/>de Roberval <br \/>Fundado en 1918\n\t\t\t\t<a\n\t\t\thref=\"https:\/\/augustines.org\/wp-content\/uploads\/2025\/04\/hopital-gaspe-1024x531.jpg\"\n\t\t\t\t\t\tdata-fancybox=\"images\" \n\t\t\ttitle=\"hopital-gaspe\" \n\t\t\t\t\t\tdata-caption=\"H\u00f4tel-Dieu&lt;br&gt;de Gasp\u00e9 &lt;br&gt;Fundado en 1926\"\n\t\t\t\t\t\tdata-description=\"\" \n\t\t\titemprop=\"contentUrl\">\n\t\t\t<img loading=\"lazy\" decoding=\"async\" src=\"https:\/\/augustines.org\/wp-content\/uploads\/2025\/04\/hopital-gaspe.jpg\" alt=\"H\u00f4pital de Gasp\u00e9\" data-no-lazy=\"1\" itemprop=\"thumbnail\" width=\"1600\" height=\"830\" \/>\n\t\t\t<!-- Overlay Wrapper -->\n\t\t\t <!-- Overlay Wrapper Closed -->\n\t\t\t\t<\/a>\n\t\t\t\t\t\t\t<meta itemprop=\"width\" content=\"1600\" \/>\n\t\t\t<meta itemprop=\"height\" content=\"830\" \/>\n\t\tH\u00f4tel-Dieu<br \/>de Gasp\u00e9 <br \/>Fundado en 1926\n\t\t\t\t<a\n\t\t\thref=\"https:\/\/augustines.org\/wp-content\/uploads\/2025\/04\/hopital-saint-georges-1024x531.jpg\"\n\t\t\t\t\t\tdata-fancybox=\"images\" \n\t\t\ttitle=\"hopital-saint-georges\" \n\t\t\t\t\t\tdata-caption=\"H\u00f4tel-Dieu de&lt;br&gt;Saint-Georges-de-Beauce &lt;br&gt;Fundado en 1949\"\n\t\t\t\t\t\tdata-description=\"\" \n\t\t\titemprop=\"contentUrl\">\n\t\t\t<img loading=\"lazy\" decoding=\"async\" src=\"https:\/\/augustines.org\/wp-content\/uploads\/2025\/04\/hopital-saint-georges.jpg\" alt=\"H\u00f4pital de Saint-Georges\" data-no-lazy=\"1\" itemprop=\"thumbnail\" width=\"1600\" height=\"830\" \/>\n\t\t\t<!-- Overlay Wrapper -->\n\t\t\t <!-- Overlay Wrapper Closed -->\n\t\t\t\t<\/a>\n\t\t\t\t\t\t\t<meta itemprop=\"width\" content=\"1600\" \/>\n\t\t\t<meta itemprop=\"height\" content=\"830\" \/>\n\t\tH\u00f4tel-Dieu de<br \/>Saint-Georges-de-Beauce <br \/>Fundado en 1949\n\t\t\t\t<a\n\t\t\thref=\"https:\/\/augustines.org\/wp-content\/uploads\/2025\/04\/hopital-montmagny-1024x531.jpg\"\n\t\t\t\t\t\tdata-fancybox=\"images\" \n\t\t\ttitle=\"hopital-montmagny\" \n\t\t\t\t\t\tdata-caption=\"H\u00f4tel-Dieu&lt;br&gt;de Montmagny&lt;br&gt;Fundado en 1950\"\n\t\t\t\t\t\tdata-description=\"\" \n\t\t\titemprop=\"contentUrl\">\n\t\t\t<img loading=\"lazy\" decoding=\"async\" src=\"https:\/\/augustines.org\/wp-content\/uploads\/2025\/04\/hopital-montmagny.jpg\" alt=\"H\u00f4pital de Montmagny\" data-no-lazy=\"1\" itemprop=\"thumbnail\" width=\"1600\" height=\"830\" \/>\n\t\t\t<!-- Overlay Wrapper -->\n\t\t\t <!-- Overlay Wrapper Closed -->\n\t\t\t\t<\/a>\n\t\t\t\t\t\t\t<meta itemprop=\"width\" content=\"1600\" \/>\n\t\t\t<meta itemprop=\"height\" content=\"830\" \/>\n\t\tH\u00f4tel-Dieu<br \/>de Montmagny<br \/>Fundado en 1950\n\t\t\t\t<a\n\t\t\thref=\"https:\/\/augustines.org\/wp-content\/uploads\/2025\/04\/hopital-alma-1024x531.jpg\"\n\t\t\t\t\t\tdata-fancybox=\"images\" \n\t\t\ttitle=\"hopital-alma\" \n\t\t\t\t\t\tdata-caption=\"H\u00f4tel-Dieu&lt;br&gt;d'Alma &lt;br&gt;Fundado en 1954\"\n\t\t\t\t\t\tdata-description=\"\" \n\t\t\titemprop=\"contentUrl\">\n\t\t\t<img loading=\"lazy\" decoding=\"async\" src=\"https:\/\/augustines.org\/wp-content\/uploads\/2025\/04\/hopital-alma.jpg\" alt=\"H\u00f4pital d'Alma\" data-no-lazy=\"1\" itemprop=\"thumbnail\" width=\"1600\" height=\"830\" \/>\n\t\t\t<!-- Overlay Wrapper -->\n\t\t\t <!-- Overlay Wrapper Closed -->\n\t\t\t\t<\/a>\n\t\t\t\t\t\t\t<meta itemprop=\"width\" content=\"1600\" \/>\n\t\t\t<meta itemprop=\"height\" content=\"830\" \/>\n\t\tH\u00f4tel-Dieu<br \/>d&#8217;Alma <br \/>Fundado en 1954\n\t\t\t\t<a\n\t\t\thref=\"https:\/\/augustines.org\/wp-content\/uploads\/2025\/04\/hopital-jonquiere-1024x531.jpg\"\n\t\t\t\t\t\tdata-fancybox=\"images\" \n\t\t\ttitle=\"hopital-jonquie\u0300re\" \n\t\t\t\t\t\tdata-caption=\"H\u00f4tel-Dieu&lt;br&gt;de Jonqui\u00e8re&lt;br&gt;Fundado en 1955\"\n\t\t\t\t\t\tdata-description=\"\" \n\t\t\titemprop=\"contentUrl\">\n\t\t\t<img loading=\"lazy\" decoding=\"async\" src=\"https:\/\/augustines.org\/wp-content\/uploads\/2025\/04\/hopital-jonquiere.jpg\" alt=\"H\u00f4pital de Jonqui\u00e8re\" data-no-lazy=\"1\" itemprop=\"thumbnail\" width=\"1600\" height=\"830\" \/>\n\t\t\t<!-- Overlay Wrapper -->\n\t\t\t <!-- Overlay Wrapper Closed -->\n\t\t\t\t<\/a>\n\t\t\t\t\t\t\t<meta itemprop=\"width\" content=\"1600\" \/>\n\t\t\t<meta itemprop=\"height\" content=\"830\" \/>\n\t\tH\u00f4tel-Dieu<br \/>de Jonqui\u00e8re<br \/>Fundado en 1955\n\t\t\t\t<a\n\t\t\thref=\"https:\/\/augustines.org\/wp-content\/uploads\/2025\/04\/hopital-dolbeau-1024x531.jpg\"\n\t\t\t\t\t\tdata-fancybox=\"images\" \n\t\t\ttitle=\"hopital-dolbeau\" \n\t\t\t\t\t\tdata-caption=\"H\u00f4tel-Dieu&lt;br&gt;de Dolbeau-Mistassini&lt;br&gt;Fundado en  1955\"\n\t\t\t\t\t\tdata-description=\"\" \n\t\t\titemprop=\"contentUrl\">\n\t\t\t<img loading=\"lazy\" decoding=\"async\" src=\"https:\/\/augustines.org\/wp-content\/uploads\/2025\/04\/hopital-dolbeau.jpg\" alt=\"H\u00f4pital de Dolbeau-Mistassini\" data-no-lazy=\"1\" itemprop=\"thumbnail\" width=\"1600\" height=\"830\" \/>\n\t\t\t<!-- Overlay Wrapper -->\n\t\t\t <!-- Overlay Wrapper Closed -->\n\t\t\t\t<\/a>\n\t\t\t\t\t\t\t<meta itemprop=\"width\" content=\"1600\" \/>\n\t\t\t<meta itemprop=\"height\" content=\"830\" \/>\n\t\tH\u00f4tel-Dieu<br \/>de Dolbeau-Mistassini<br \/>Fundado en  1955\n\t<p>Para m\u00e1s informaci\u00f3n sobre cada uno de los monasterios-hospitales, consulte los siguientes documentos del sitio web.<\/p>\n\t\t\t<a href=\"https:\/\/augustines.org\/wp-content\/uploads\/2025\/04\/patrimoine-hospitalier-des-augustines.pdf\" target=\"_blank\" rel=\"noopener\">\n\t\t\t\t\t\t\tInforme de visitas a <br \/>los hospitales en 2009 \n\t\t\t\t\t<\/a>\n\t\t\t<a href=\"https:\/\/augustines.org\/wp-content\/uploads\/2025\/04\/brochure-augustines.pdf\" target=\"_blank\" rel=\"noopener\">\n\t\t\t\t\t\t\tFolleto sobre el H\u00f4tel-Dieu du <br \/>Sagrado-coraz\u00f3n de Jes\u00fas de Qu\u00e9bec \n\t\t\t\t\t<\/a>\n\t\t\t<a href=\"https:\/\/archives.monastere.ca\/\" target=\"_blank\" rel=\"noopener\">\n\t\t\t\t\t\t\tLos archivos del Monasterio <br \/>de las Agustinas\n\t\t\t\t\t<\/a>\n\n","protected":false},"excerpt":{"rendered":"<p>Los monasterios-hospitales Los monasterios-hospitales Los doce hospitales fundados, construidos y administrados por las Agustinas constituyen un legado relevante para la red p\u00fablica de salud de Quebec. Estos establecimientos, algunos de los cuales tambi\u00e9n imparten formaci\u00f3n universitaria, se encuentran repartidos por todo el territorio, en las regiones de Quebec y de Saguenay-Lac-Saint-Jean, en la orilla sur&hellip;<\/p>\n","protected":false},"author":1,"featured_media":0,"parent":0,"menu_order":0,"comment_status":"closed","ping_status":"closed","template":"","meta":{"footnotes":""},"class_list":["post-872","page","type-page","status-publish","hentry"],"yoast_head":"<!-- This site is optimized with the Yoast SEO plugin v27.3 - https:\/\/yoast.com\/product\/yoast-seo-wordpress\/ -->\n<title>Los monasterios - La F\u00e9d\u00e9ration - Augustines de la mis\u00e9ricorde de J\u00e9sus<\/title>\n<meta name=\"robots\" content=\"index, follow, max-snippet:-1, max-image-preview:large, max-video-preview:-1\" \/>\n<link rel=\"canonical\" href=\"https:\/\/augustines.org\/es\/los-monasterios\/\" \/>\n<meta property=\"og:locale\" content=\"es_ES\" \/>\n<meta property=\"og:type\" content=\"article\" \/>\n<meta property=\"og:title\" content=\"Los monasterios - La F\u00e9d\u00e9ration - Augustines de la mis\u00e9ricorde de J\u00e9sus\" \/>\n<meta property=\"og:description\" content=\"Los monasterios-hospitales Los monasterios-hospitales Los doce hospitales fundados, construidos y administrados por las Agustinas constituyen un legado relevante para la red p\u00fablica de salud de Quebec. Estos establecimientos, algunos de los cuales tambi\u00e9n imparten formaci\u00f3n universitaria, se encuentran repartidos por todo el territorio, en las regiones de Quebec y de Saguenay-Lac-Saint-Jean, en la orilla sur&hellip;\" \/>\n<meta property=\"og:url\" content=\"https:\/\/augustines.org\/es\/los-monasterios\/\" \/>\n<meta property=\"og:site_name\" content=\"La F\u00e9d\u00e9ration - Augustines de la mis\u00e9ricorde de J\u00e9sus\" \/>\n<meta property=\"article:modified_time\" content=\"2025-05-30T14:11:06+00:00\" \/>\n<meta property=\"og:image\" content=\"https:\/\/augustines.org\/wp-content\/uploads\/2025\/04\/hopital-dieux-quebec.jpg\" \/>\n<meta name=\"twitter:card\" content=\"summary_large_image\" \/>\n<meta name=\"twitter:label1\" content=\"Tiempo de lectura\" \/>\n\t<meta name=\"twitter:data1\" content=\"2 minutos\" \/>\n<script type=\"application\/ld+json\" class=\"yoast-schema-graph\">{\"@context\":\"https:\\\/\\\/schema.org\",\"@graph\":[{\"@type\":\"WebPage\",\"@id\":\"https:\\\/\\\/augustines.org\\\/es\\\/los-monasterios\\\/\",\"url\":\"https:\\\/\\\/augustines.org\\\/es\\\/los-monasterios\\\/\",\"name\":\"Los monasterios - La F\u00e9d\u00e9ration - Augustines de la mis\u00e9ricorde de J\u00e9sus\",\"isPartOf\":{\"@id\":\"https:\\\/\\\/augustines.org\\\/#website\"},\"primaryImageOfPage\":{\"@id\":\"https:\\\/\\\/augustines.org\\\/es\\\/los-monasterios\\\/#primaryimage\"},\"image\":{\"@id\":\"https:\\\/\\\/augustines.org\\\/es\\\/los-monasterios\\\/#primaryimage\"},\"thumbnailUrl\":\"https:\\\/\\\/augustines.org\\\/wp-content\\\/uploads\\\/2025\\\/04\\\/hopital-dieux-quebec.jpg\",\"datePublished\":\"2025-04-08T20:34:34+00:00\",\"dateModified\":\"2025-05-30T14:11:06+00:00\",\"breadcrumb\":{\"@id\":\"https:\\\/\\\/augustines.org\\\/es\\\/los-monasterios\\\/#breadcrumb\"},\"inLanguage\":\"es\",\"potentialAction\":[{\"@type\":\"ReadAction\",\"target\":[\"https:\\\/\\\/augustines.org\\\/es\\\/los-monasterios\\\/\"]}]},{\"@type\":\"ImageObject\",\"inLanguage\":\"es\",\"@id\":\"https:\\\/\\\/augustines.org\\\/es\\\/los-monasterios\\\/#primaryimage\",\"url\":\"https:\\\/\\\/augustines.org\\\/wp-content\\\/uploads\\\/2025\\\/04\\\/hopital-dieux-quebec.jpg\",\"contentUrl\":\"https:\\\/\\\/augustines.org\\\/wp-content\\\/uploads\\\/2025\\\/04\\\/hopital-dieux-quebec.jpg\"},{\"@type\":\"BreadcrumbList\",\"@id\":\"https:\\\/\\\/augustines.org\\\/es\\\/los-monasterios\\\/#breadcrumb\",\"itemListElement\":[{\"@type\":\"ListItem\",\"position\":1,\"name\":\"Accueil\",\"item\":\"https:\\\/\\\/augustines.org\\\/es\\\/\"},{\"@type\":\"ListItem\",\"position\":2,\"name\":\"Los monasterios\"}]},{\"@type\":\"WebSite\",\"@id\":\"https:\\\/\\\/augustines.org\\\/#website\",\"url\":\"https:\\\/\\\/augustines.org\\\/\",\"name\":\"La F\u00e9d\u00e9ration - Augustines de la mis\u00e9ricorde de J\u00e9sus\",\"description\":\"Rassemblement de monast\u00e8res\",\"publisher\":{\"@id\":\"https:\\\/\\\/augustines.org\\\/#organization\"},\"potentialAction\":[{\"@type\":\"SearchAction\",\"target\":{\"@type\":\"EntryPoint\",\"urlTemplate\":\"https:\\\/\\\/augustines.org\\\/?s={search_term_string}\"},\"query-input\":{\"@type\":\"PropertyValueSpecification\",\"valueRequired\":true,\"valueName\":\"search_term_string\"}}],\"inLanguage\":\"es\"},{\"@type\":\"Organization\",\"@id\":\"https:\\\/\\\/augustines.org\\\/#organization\",\"name\":\"La F\u00e9d\u00e9ration - Augustines de la mis\u00e9ricorde de J\u00e9sus\",\"url\":\"https:\\\/\\\/augustines.org\\\/\",\"logo\":{\"@type\":\"ImageObject\",\"inLanguage\":\"es\",\"@id\":\"https:\\\/\\\/augustines.org\\\/#\\\/schema\\\/logo\\\/image\\\/\",\"url\":\"https:\\\/\\\/augustines.org\\\/wp-content\\\/uploads\\\/2025\\\/04\\\/federation-des-augustines-logoweb.jpg\",\"contentUrl\":\"https:\\\/\\\/augustines.org\\\/wp-content\\\/uploads\\\/2025\\\/04\\\/federation-des-augustines-logoweb.jpg\",\"width\":796,\"height\":333,\"caption\":\"La F\u00e9d\u00e9ration - Augustines de la mis\u00e9ricorde de J\u00e9sus\"},\"image\":{\"@id\":\"https:\\\/\\\/augustines.org\\\/#\\\/schema\\\/logo\\\/image\\\/\"}}]}<\/script>\n<!-- \/ Yoast SEO plugin. -->","yoast_head_json":{"title":"Los monasterios - La F\u00e9d\u00e9ration - Augustines de la mis\u00e9ricorde de J\u00e9sus","robots":{"index":"index","follow":"follow","max-snippet":"max-snippet:-1","max-image-preview":"max-image-preview:large","max-video-preview":"max-video-preview:-1"},"canonical":"https:\/\/augustines.org\/es\/los-monasterios\/","og_locale":"es_ES","og_type":"article","og_title":"Los monasterios - La F\u00e9d\u00e9ration - Augustines de la mis\u00e9ricorde de J\u00e9sus","og_description":"Los monasterios-hospitales Los monasterios-hospitales Los doce hospitales fundados, construidos y administrados por las Agustinas constituyen un legado relevante para la red p\u00fablica de salud de Quebec. Estos establecimientos, algunos de los cuales tambi\u00e9n imparten formaci\u00f3n universitaria, se encuentran repartidos por todo el territorio, en las regiones de Quebec y de Saguenay-Lac-Saint-Jean, en la orilla sur&hellip;","og_url":"https:\/\/augustines.org\/es\/los-monasterios\/","og_site_name":"La F\u00e9d\u00e9ration - Augustines de la mis\u00e9ricorde de J\u00e9sus","article_modified_time":"2025-05-30T14:11:06+00:00","og_image":[{"url":"https:\/\/augustines.org\/wp-content\/uploads\/2025\/04\/hopital-dieux-quebec.jpg","type":"","width":"","height":""}],"twitter_card":"summary_large_image","twitter_misc":{"Tiempo de lectura":"2 minutos"},"schema":{"@context":"https:\/\/schema.org","@graph":[{"@type":"WebPage","@id":"https:\/\/augustines.org\/es\/los-monasterios\/","url":"https:\/\/augustines.org\/es\/los-monasterios\/","name":"Los monasterios - La F\u00e9d\u00e9ration - Augustines de la mis\u00e9ricorde de J\u00e9sus","isPartOf":{"@id":"https:\/\/augustines.org\/#website"},"primaryImageOfPage":{"@id":"https:\/\/augustines.org\/es\/los-monasterios\/#primaryimage"},"image":{"@id":"https:\/\/augustines.org\/es\/los-monasterios\/#primaryimage"},"thumbnailUrl":"https:\/\/augustines.org\/wp-content\/uploads\/2025\/04\/hopital-dieux-quebec.jpg","datePublished":"2025-04-08T20:34:34+00:00","dateModified":"2025-05-30T14:11:06+00:00","breadcrumb":{"@id":"https:\/\/augustines.org\/es\/los-monasterios\/#breadcrumb"},"inLanguage":"es","potentialAction":[{"@type":"ReadAction","target":["https:\/\/augustines.org\/es\/los-monasterios\/"]}]},{"@type":"ImageObject","inLanguage":"es","@id":"https:\/\/augustines.org\/es\/los-monasterios\/#primaryimage","url":"https:\/\/augustines.org\/wp-content\/uploads\/2025\/04\/hopital-dieux-quebec.jpg","contentUrl":"https:\/\/augustines.org\/wp-content\/uploads\/2025\/04\/hopital-dieux-quebec.jpg"},{"@type":"BreadcrumbList","@id":"https:\/\/augustines.org\/es\/los-monasterios\/#breadcrumb","itemListElement":[{"@type":"ListItem","position":1,"name":"Accueil","item":"https:\/\/augustines.org\/es\/"},{"@type":"ListItem","position":2,"name":"Los monasterios"}]},{"@type":"WebSite","@id":"https:\/\/augustines.org\/#website","url":"https:\/\/augustines.org\/","name":"La F\u00e9d\u00e9ration - Augustines de la mis\u00e9ricorde de J\u00e9sus","description":"Rassemblement de monast\u00e8res","publisher":{"@id":"https:\/\/augustines.org\/#organization"},"potentialAction":[{"@type":"SearchAction","target":{"@type":"EntryPoint","urlTemplate":"https:\/\/augustines.org\/?s={search_term_string}"},"query-input":{"@type":"PropertyValueSpecification","valueRequired":true,"valueName":"search_term_string"}}],"inLanguage":"es"},{"@type":"Organization","@id":"https:\/\/augustines.org\/#organization","name":"La F\u00e9d\u00e9ration - Augustines de la mis\u00e9ricorde de J\u00e9sus","url":"https:\/\/augustines.org\/","logo":{"@type":"ImageObject","inLanguage":"es","@id":"https:\/\/augustines.org\/#\/schema\/logo\/image\/","url":"https:\/\/augustines.org\/wp-content\/uploads\/2025\/04\/federation-des-augustines-logoweb.jpg","contentUrl":"https:\/\/augustines.org\/wp-content\/uploads\/2025\/04\/federation-des-augustines-logoweb.jpg","width":796,"height":333,"caption":"La F\u00e9d\u00e9ration - Augustines de la mis\u00e9ricorde de J\u00e9sus"},"image":{"@id":"https:\/\/augustines.org\/#\/schema\/logo\/image\/"}}]}},"_links":{"self":[{"href":"https:\/\/augustines.org\/es\/wp-json\/wp\/v2\/pages\/872","targetHints":{"allow":["GET"]}}],"collection":[{"href":"https:\/\/augustines.org\/es\/wp-json\/wp\/v2\/pages"}],"about":[{"href":"https:\/\/augustines.org\/es\/wp-json\/wp\/v2\/types\/page"}],"author":[{"embeddable":true,"href":"https:\/\/augustines.org\/es\/wp-json\/wp\/v2\/users\/1"}],"replies":[{"embeddable":true,"href":"https:\/\/augustines.org\/es\/wp-json\/wp\/v2\/comments?post=872"}],"version-history":[{"count":5,"href":"https:\/\/augustines.org\/es\/wp-json\/wp\/v2\/pages\/872\/revisions"}],"predecessor-version":[{"id":935,"href":"https:\/\/augustines.org\/es\/wp-json\/wp\/v2\/pages\/872\/revisions\/935"}],"wp:attachment":[{"href":"https:\/\/augustines.org\/es\/wp-json\/wp\/v2\/media?parent=872"}],"curies":[{"name":"wp","href":"https:\/\/api.w.org\/{rel}","templated":true}]}}