{"id":890,"date":"2025-04-03T16:55:16","date_gmt":"2025-04-03T20:55:16","guid":{"rendered":"https:\/\/augustines.org\/contacto\/"},"modified":"2025-06-12T08:10:21","modified_gmt":"2025-06-12T12:10:21","slug":"contacto","status":"publish","type":"page","link":"https:\/\/augustines.org\/es\/contacto\/","title":{"rendered":"CONTACTO"},"content":{"rendered":"\n<h1>\n\t\t\tContactez-<br \/>nous\t<\/h1>\n\t<strong>F\u00e9d\u00e9ration des monast\u00e8res<br \/>\n<\/strong><em>F\u00e9d\u00e9ration des monast\u00e8res <\/em><br \/>\n<em>des Augustines<\/em>\n75, rue des Remparts<br \/>\nQu\u00e9bec (Qu\u00e9bec)<br \/>\nG1R 3R9\n\t<strong>Monast\u00e8re Saint-Augustin<br \/>\n<\/strong><em>Les Augustines de la Mis\u00e9ricorde<\/em><br \/>\n<em>de J\u00e9sus du Monast\u00e8re Saint-Augustin<\/em>\n260, boulevard Langelier<br \/>\nQu\u00e9bec (Qu\u00e9bec)<br \/>\nG1K 5N1\n\t<strong>Monast\u00e8re de l&#8217;H\u00f4tel-Dieu du<br \/>\nSacr\u00e9-C\u0153ur de J\u00e9sus de Qu\u00e9bec<br \/>\n<\/strong><em>Monast\u00e8re des Augustines<\/em><br \/>\n<em>de l&#8217;H\u00f4tel-Dieu du Sacr\u00e9-C\u0153ur<\/em>\n1A, avenue du Sacr\u00e9-C\u0153ur<br \/>\nQu\u00e9bec (Qu\u00e9bec) G1N 2W1\n\t<strong>Monast\u00e8re des Augustines<br \/>\nde Dolbeau-Mistassini<br \/>\n<\/strong><em>Monast\u00e8re des Augustines<br \/>\nde Dolbeau-Mistassini<\/em>\n1250, rue des Sapins<br \/>\nSaint-F\u00e9licien (Qu\u00e9bec)<br \/>\nG8K 2Z4\n\t<strong>Communaut\u00e9 du Paraguay<br \/>\n<\/strong><em>Hermanas Agustinas<\/em>\n190, Jos\u00e9 A. Molas<br \/>\nC.P. 21071<br \/>\nCorreo de Luque, Paraguay<br \/>\nAm. Del Sur\n\t<p>Pour contacter l&#8217;un ou l&#8217;autre des monast\u00e8res, \u00e9crivez-nous.<\/p>\n\t<p>Nous redirigerons votre message au monast\u00e8re concern\u00e9.<\/p>\n\t\t\t<a href=\"mailto:%20economegene@augustines.ca\" target=\"_self\">\n\t\t\t\t\t\t\tCliquez ici\n\t\t\t\t\t<\/a>\n\n","protected":false},"excerpt":{"rendered":"<p>Contactez-nous F\u00e9d\u00e9ration des monast\u00e8res F\u00e9d\u00e9ration des monast\u00e8res des Augustines 75, rue des Remparts Qu\u00e9bec (Qu\u00e9bec) G1R 3R9 Monast\u00e8re Saint-Augustin Les Augustines de la Mis\u00e9ricorde de J\u00e9sus du Monast\u00e8re Saint-Augustin 260, boulevard Langelier Qu\u00e9bec (Qu\u00e9bec) G1K 5N1 Monast\u00e8re de l&#8217;H\u00f4tel-Dieu du Sacr\u00e9-C\u0153ur de J\u00e9sus de Qu\u00e9bec Monast\u00e8re des Augustines de l&#8217;H\u00f4tel-Dieu du Sacr\u00e9-C\u0153ur 1A, avenue du&hellip;<\/p>\n","protected":false},"author":1,"featured_media":0,"parent":0,"menu_order":0,"comment_status":"closed","ping_status":"closed","template":"","meta":{"footnotes":""},"class_list":["post-890","page","type-page","status-publish","hentry"],"yoast_head":"<!-- This site is optimized with the Yoast SEO plugin v27.3 - https:\/\/yoast.com\/product\/yoast-seo-wordpress\/ -->\n<title>CONTACTO - La F\u00e9d\u00e9ration - Augustines de la mis\u00e9ricorde de J\u00e9sus<\/title>\n<meta name=\"robots\" content=\"index, follow, max-snippet:-1, max-image-preview:large, max-video-preview:-1\" \/>\n<link rel=\"canonical\" href=\"https:\/\/augustines.org\/es\/contacto\/\" \/>\n<meta property=\"og:locale\" content=\"es_ES\" \/>\n<meta property=\"og:type\" content=\"article\" \/>\n<meta property=\"og:title\" content=\"CONTACTO - La F\u00e9d\u00e9ration - Augustines de la mis\u00e9ricorde de J\u00e9sus\" \/>\n<meta property=\"og:description\" content=\"Contactez-nous F\u00e9d\u00e9ration des monast\u00e8res F\u00e9d\u00e9ration des monast\u00e8res des Augustines 75, rue des Remparts Qu\u00e9bec (Qu\u00e9bec) G1R 3R9 Monast\u00e8re Saint-Augustin Les Augustines de la Mis\u00e9ricorde de J\u00e9sus du Monast\u00e8re Saint-Augustin 260, boulevard Langelier Qu\u00e9bec (Qu\u00e9bec) G1K 5N1 Monast\u00e8re de l&#8217;H\u00f4tel-Dieu du Sacr\u00e9-C\u0153ur de J\u00e9sus de Qu\u00e9bec Monast\u00e8re des Augustines de l&#8217;H\u00f4tel-Dieu du Sacr\u00e9-C\u0153ur 1A, avenue du&hellip;\" \/>\n<meta property=\"og:url\" content=\"https:\/\/augustines.org\/es\/contacto\/\" \/>\n<meta property=\"og:site_name\" content=\"La F\u00e9d\u00e9ration - Augustines de la mis\u00e9ricorde de J\u00e9sus\" \/>\n<meta property=\"article:modified_time\" content=\"2025-06-12T12:10:21+00:00\" \/>\n<meta property=\"og:image\" content=\"https:\/\/augustines.org\/wp-content\/uploads\/2025\/06\/augustines-web.png\" \/>\n\t<meta property=\"og:image:width\" content=\"1200\" \/>\n\t<meta property=\"og:image:height\" content=\"675\" \/>\n\t<meta property=\"og:image:type\" content=\"image\/png\" \/>\n<meta name=\"twitter:card\" content=\"summary_large_image\" \/>\n<meta name=\"twitter:label1\" content=\"Tiempo de lectura\" \/>\n\t<meta name=\"twitter:data1\" content=\"1 minuto\" \/>\n<script type=\"application\/ld+json\" class=\"yoast-schema-graph\">{\"@context\":\"https:\\\/\\\/schema.org\",\"@graph\":[{\"@type\":\"WebPage\",\"@id\":\"https:\\\/\\\/augustines.org\\\/es\\\/contacto\\\/\",\"url\":\"https:\\\/\\\/augustines.org\\\/es\\\/contacto\\\/\",\"name\":\"CONTACTO - La F\u00e9d\u00e9ration - Augustines de la mis\u00e9ricorde de J\u00e9sus\",\"isPartOf\":{\"@id\":\"https:\\\/\\\/augustines.org\\\/#website\"},\"datePublished\":\"2025-04-03T20:55:16+00:00\",\"dateModified\":\"2025-06-12T12:10:21+00:00\",\"breadcrumb\":{\"@id\":\"https:\\\/\\\/augustines.org\\\/es\\\/contacto\\\/#breadcrumb\"},\"inLanguage\":\"es\",\"potentialAction\":[{\"@type\":\"ReadAction\",\"target\":[\"https:\\\/\\\/augustines.org\\\/es\\\/contacto\\\/\"]}]},{\"@type\":\"BreadcrumbList\",\"@id\":\"https:\\\/\\\/augustines.org\\\/es\\\/contacto\\\/#breadcrumb\",\"itemListElement\":[{\"@type\":\"ListItem\",\"position\":1,\"name\":\"Accueil\",\"item\":\"https:\\\/\\\/augustines.org\\\/es\\\/\"},{\"@type\":\"ListItem\",\"position\":2,\"name\":\"CONTACTO\"}]},{\"@type\":\"WebSite\",\"@id\":\"https:\\\/\\\/augustines.org\\\/#website\",\"url\":\"https:\\\/\\\/augustines.org\\\/\",\"name\":\"La F\u00e9d\u00e9ration - Augustines de la mis\u00e9ricorde de J\u00e9sus\",\"description\":\"Rassemblement de monast\u00e8res\",\"publisher\":{\"@id\":\"https:\\\/\\\/augustines.org\\\/#organization\"},\"potentialAction\":[{\"@type\":\"SearchAction\",\"target\":{\"@type\":\"EntryPoint\",\"urlTemplate\":\"https:\\\/\\\/augustines.org\\\/?s={search_term_string}\"},\"query-input\":{\"@type\":\"PropertyValueSpecification\",\"valueRequired\":true,\"valueName\":\"search_term_string\"}}],\"inLanguage\":\"es\"},{\"@type\":\"Organization\",\"@id\":\"https:\\\/\\\/augustines.org\\\/#organization\",\"name\":\"La F\u00e9d\u00e9ration - Augustines de la mis\u00e9ricorde de J\u00e9sus\",\"url\":\"https:\\\/\\\/augustines.org\\\/\",\"logo\":{\"@type\":\"ImageObject\",\"inLanguage\":\"es\",\"@id\":\"https:\\\/\\\/augustines.org\\\/#\\\/schema\\\/logo\\\/image\\\/\",\"url\":\"https:\\\/\\\/augustines.org\\\/wp-content\\\/uploads\\\/2025\\\/04\\\/federation-des-augustines-logoweb.jpg\",\"contentUrl\":\"https:\\\/\\\/augustines.org\\\/wp-content\\\/uploads\\\/2025\\\/04\\\/federation-des-augustines-logoweb.jpg\",\"width\":796,\"height\":333,\"caption\":\"La F\u00e9d\u00e9ration - Augustines de la mis\u00e9ricorde de J\u00e9sus\"},\"image\":{\"@id\":\"https:\\\/\\\/augustines.org\\\/#\\\/schema\\\/logo\\\/image\\\/\"}}]}<\/script>\n<!-- \/ Yoast SEO plugin. -->","yoast_head_json":{"title":"CONTACTO - La F\u00e9d\u00e9ration - Augustines de la mis\u00e9ricorde de J\u00e9sus","robots":{"index":"index","follow":"follow","max-snippet":"max-snippet:-1","max-image-preview":"max-image-preview:large","max-video-preview":"max-video-preview:-1"},"canonical":"https:\/\/augustines.org\/es\/contacto\/","og_locale":"es_ES","og_type":"article","og_title":"CONTACTO - La F\u00e9d\u00e9ration - Augustines de la mis\u00e9ricorde de J\u00e9sus","og_description":"Contactez-nous F\u00e9d\u00e9ration des monast\u00e8res F\u00e9d\u00e9ration des monast\u00e8res des Augustines 75, rue des Remparts Qu\u00e9bec (Qu\u00e9bec) G1R 3R9 Monast\u00e8re Saint-Augustin Les Augustines de la Mis\u00e9ricorde de J\u00e9sus du Monast\u00e8re Saint-Augustin 260, boulevard Langelier Qu\u00e9bec (Qu\u00e9bec) G1K 5N1 Monast\u00e8re de l&#8217;H\u00f4tel-Dieu du Sacr\u00e9-C\u0153ur de J\u00e9sus de Qu\u00e9bec Monast\u00e8re des Augustines de l&#8217;H\u00f4tel-Dieu du Sacr\u00e9-C\u0153ur 1A, avenue du&hellip;","og_url":"https:\/\/augustines.org\/es\/contacto\/","og_site_name":"La F\u00e9d\u00e9ration - Augustines de la mis\u00e9ricorde de J\u00e9sus","article_modified_time":"2025-06-12T12:10:21+00:00","og_image":[{"width":1200,"height":675,"url":"https:\/\/augustines.org\/wp-content\/uploads\/2025\/06\/augustines-web.png","type":"image\/png"}],"twitter_card":"summary_large_image","twitter_misc":{"Tiempo de lectura":"1 minuto"},"schema":{"@context":"https:\/\/schema.org","@graph":[{"@type":"WebPage","@id":"https:\/\/augustines.org\/es\/contacto\/","url":"https:\/\/augustines.org\/es\/contacto\/","name":"CONTACTO - La F\u00e9d\u00e9ration - Augustines de la mis\u00e9ricorde de J\u00e9sus","isPartOf":{"@id":"https:\/\/augustines.org\/#website"},"datePublished":"2025-04-03T20:55:16+00:00","dateModified":"2025-06-12T12:10:21+00:00","breadcrumb":{"@id":"https:\/\/augustines.org\/es\/contacto\/#breadcrumb"},"inLanguage":"es","potentialAction":[{"@type":"ReadAction","target":["https:\/\/augustines.org\/es\/contacto\/"]}]},{"@type":"BreadcrumbList","@id":"https:\/\/augustines.org\/es\/contacto\/#breadcrumb","itemListElement":[{"@type":"ListItem","position":1,"name":"Accueil","item":"https:\/\/augustines.org\/es\/"},{"@type":"ListItem","position":2,"name":"CONTACTO"}]},{"@type":"WebSite","@id":"https:\/\/augustines.org\/#website","url":"https:\/\/augustines.org\/","name":"La F\u00e9d\u00e9ration - Augustines de la mis\u00e9ricorde de J\u00e9sus","description":"Rassemblement de monast\u00e8res","publisher":{"@id":"https:\/\/augustines.org\/#organization"},"potentialAction":[{"@type":"SearchAction","target":{"@type":"EntryPoint","urlTemplate":"https:\/\/augustines.org\/?s={search_term_string}"},"query-input":{"@type":"PropertyValueSpecification","valueRequired":true,"valueName":"search_term_string"}}],"inLanguage":"es"},{"@type":"Organization","@id":"https:\/\/augustines.org\/#organization","name":"La F\u00e9d\u00e9ration - Augustines de la mis\u00e9ricorde de J\u00e9sus","url":"https:\/\/augustines.org\/","logo":{"@type":"ImageObject","inLanguage":"es","@id":"https:\/\/augustines.org\/#\/schema\/logo\/image\/","url":"https:\/\/augustines.org\/wp-content\/uploads\/2025\/04\/federation-des-augustines-logoweb.jpg","contentUrl":"https:\/\/augustines.org\/wp-content\/uploads\/2025\/04\/federation-des-augustines-logoweb.jpg","width":796,"height":333,"caption":"La F\u00e9d\u00e9ration - Augustines de la mis\u00e9ricorde de J\u00e9sus"},"image":{"@id":"https:\/\/augustines.org\/#\/schema\/logo\/image\/"}}]}},"_links":{"self":[{"href":"https:\/\/augustines.org\/es\/wp-json\/wp\/v2\/pages\/890","targetHints":{"allow":["GET"]}}],"collection":[{"href":"https:\/\/augustines.org\/es\/wp-json\/wp\/v2\/pages"}],"about":[{"href":"https:\/\/augustines.org\/es\/wp-json\/wp\/v2\/types\/page"}],"author":[{"embeddable":true,"href":"https:\/\/augustines.org\/es\/wp-json\/wp\/v2\/users\/1"}],"replies":[{"embeddable":true,"href":"https:\/\/augustines.org\/es\/wp-json\/wp\/v2\/comments?post=890"}],"version-history":[{"count":2,"href":"https:\/\/augustines.org\/es\/wp-json\/wp\/v2\/pages\/890\/revisions"}],"predecessor-version":[{"id":1037,"href":"https:\/\/augustines.org\/es\/wp-json\/wp\/v2\/pages\/890\/revisions\/1037"}],"wp:attachment":[{"href":"https:\/\/augustines.org\/es\/wp-json\/wp\/v2\/media?parent=890"}],"curies":[{"name":"wp","href":"https:\/\/api.w.org\/{rel}","templated":true}]}}